{"id":1369,"date":"2018-11-06T10:34:24","date_gmt":"2018-11-06T10:34:24","guid":{"rendered":"https:\/\/agrolimburg.nl\/index.php\/home\/"},"modified":"2026-03-10T09:05:27","modified_gmt":"2026-03-10T09:05:27","slug":"mesthandel-transport-en-vergisting","status":"publish","type":"page","link":"https:\/\/agrolimburg.nl\/","title":{"rendered":"Home"},"content":{"rendered":"<div class=\"wpb-content-wrapper\"><p>[vc_row equal_height=&#8221;yes&#8221; content_placement=&#8221;middle&#8221; bg_type=&#8221;image&#8221; parallax_style=&#8221;vcpb-default&#8221; bg_image_new=&#8221;id^883|url^https:\/\/agrolimburg.nl\/wp-content\/uploads\/2019\/07\/bg-art-church.png|caption^null|alt^null|title^bg-art-church|description^null&#8221; bg_image_repeat=&#8221;no-repeat&#8221; bg_image_size=&#8221;initial&#8221; bg_image_posiiton=&#8221;right top&#8221; bg_override=&#8221;full&#8221; css=&#8221;.vc_custom_1741271306130{padding-top: 70px !important;padding-bottom: 50px !important;background-color: #0A4637 !important;}&#8221;][vc_column width=&#8221;1\/2&#8243;][vc_single_image image=&#8221;1550&#8243; img_size=&#8221;40x40px&#8221; alignment=&#8221;center&#8221; css=&#8221;&#8221;]<div id=\"ultimate-heading-115969e8cda99a78e\" class=\"uvc-heading ult-adjust-bottom-margin ultimate-heading-115969e8cda99a78e uvc-353  uvc-heading-default-font-sizes\" data-hspacer=\"no_spacer\"  data-halign=\"center\" style=\"text-align:center\"><div class=\"uvc-heading-spacer no_spacer\" style=\"top\"><\/div><div class=\"uvc-main-heading ult-responsive\"  data-ultimate-target='.uvc-heading.ultimate-heading-115969e8cda99a78e h2'  data-responsive-json-new='{\"font-size\":\"\",\"line-height\":\"\"}' ><h2 style=\"--font-weight:theme;color:#FFFFFF;margin-bottom:10px;\">Welkom bij Agro Limburg BV<\/h2><\/div><div class=\"uvc-sub-heading ult-responsive\"  data-ultimate-target='.uvc-heading.ultimate-heading-115969e8cda99a78e .uvc-sub-heading '  data-responsive-json-new='{\"font-size\":\"\",\"line-height\":\"\"}'  style=\"font-weight:normal;color:#FFFFFF;\"><\/p>\n<p style=\"text-align: center;\">Agro Limburg is gevestigd in het Noord-Limburgse Sevenum. Wij zijn trots op onze\u00a0<strong>jarenlange ervaring in de verwerking en export van dierlijke mestproducten<\/strong>.<\/p>\n<p style=\"text-align: center;\">Onze missie is om de veehouderij te ontzorgen op het gebied van de afzet van dierlijke mest tegen een acceptabele prijs en daarnaast de juiste mestproducten te leveren aan de buitenlandse afnemers (zowel akkerbouwers als vergisters).<\/p>\n<p><\/div><\/div>[\/vc_column][vc_column width=&#8221;1\/2&#8243;][vc_single_image image=&#8221;1553&#8243; img_size=&#8221;40x40px&#8221; alignment=&#8221;center&#8221; css=&#8221;&#8221;]<div id=\"ultimate-heading-773469e8cda99a7d1\" class=\"uvc-heading ult-adjust-bottom-margin ultimate-heading-773469e8cda99a7d1 uvc-7898  uvc-heading-default-font-sizes\" data-hspacer=\"no_spacer\"  data-halign=\"center\" style=\"text-align:center\"><div class=\"uvc-heading-spacer no_spacer\" style=\"top\"><\/div><div class=\"uvc-main-heading ult-responsive\"  data-ultimate-target='.uvc-heading.ultimate-heading-773469e8cda99a7d1 h2'  data-responsive-json-new='{\"font-size\":\"\",\"line-height\":\"\"}' ><h2 style=\"--font-weight:theme;color:#FFFFFF;margin-bottom:10px;\">Willkommen bei Agro Limburg BV<\/h2><\/div><div class=\"uvc-sub-heading ult-responsive\"  data-ultimate-target='.uvc-heading.ultimate-heading-773469e8cda99a7d1 .uvc-sub-heading '  data-responsive-json-new='{\"font-size\":\"\",\"line-height\":\"\"}'  style=\"font-weight:normal;color:#FFFFFF;\"><\/p>\n<p style=\"text-align: center;\">Agro Limburg hat seinen Sitz im nordlimburgischen Sevenum. Wir sind stolz auf unsere <strong>langj\u00e4hrige Erfahrung in der Verarbeitung und dem Export von tierischen D\u00fcngemitteln<\/strong>.<\/p>\n<p style=\"text-align: center;\">Unsere Mission ist es, die Viehzucht hinsichtlich der Vermarktung von tierischen D\u00fcngemitteln zu entlasten und dies zu einem akzeptablen Preis, sowie die richtigen D\u00fcngemittelprodukte an ausl\u00e4ndische Abnehmer (sowohl Landwirte als auch Verg\u00e4rer) zu liefern.<\/p>\n<p><\/div><\/div>[\/vc_column][\/vc_row][vc_row equal_height=&#8221;yes&#8221; content_placement=&#8221;top&#8221; bg_type=&#8221;image&#8221; parallax_style=&#8221;vcpb-default&#8221; bg_image_repeat=&#8221;no-repeat&#8221; bg_image_size=&#8221;initial&#8221; bg_image_posiiton=&#8221;right top&#8221; bg_override=&#8221;full&#8221; css=&#8221;.vc_custom_1741272769278{padding-top: 40px !important;padding-bottom: 40px !important;background-color: #FFFFFF !important;}&#8221;][vc_column width=&#8221;1\/3&#8243;]<div id=\"ultimate-heading-133169e8cda99a7f0\" class=\"uvc-heading ult-adjust-bottom-margin ultimate-heading-133169e8cda99a7f0 uvc-8536  uvc-heading-default-font-sizes\" data-hspacer=\"no_spacer\"  data-halign=\"center\" style=\"text-align:center\"><div class=\"uvc-heading-spacer no_spacer\" style=\"top\"><\/div><div class=\"uvc-main-heading ult-responsive\"  data-ultimate-target='.uvc-heading.ultimate-heading-133169e8cda99a7f0 h2'  data-responsive-json-new='{\"font-size\":\"\",\"line-height\":\"\"}' ><h2 style=\"--font-weight:theme;\">Wat doen wij?<\/h2><\/div><div class=\"uvc-sub-heading ult-responsive\"  data-ultimate-target='.uvc-heading.ultimate-heading-133169e8cda99a7f0 .uvc-sub-heading '  data-responsive-json-new='{\"font-size\":\"\",\"line-height\":\"\"}'  style=\"font-weight:normal;\"><\/p>\n<p style=\"text-align: center;\">Wij exporteren organische mest naar hoofdzakelijk Duitsland en Frankrijk. De mest wordt door Agro Limburg het gehele jaar opgehaald bij de veehouders en\/of mestverwerkers. Onze transporteurs voldoen aan wet- en regelgeving en zorgen voor correcte en tijdige leveringen.<\/p>\n<p><\/div><\/div>[\/vc_column][vc_column width=&#8221;1\/3&#8243;][vc_single_image image=&#8221;1414&#8243; img_size=&#8221;full&#8221; alignment=&#8221;center&#8221; css=&#8221;&#8221;][\/vc_column][vc_column width=&#8221;1\/3&#8243;]<div id=\"ultimate-heading-696769e8cda99a80c\" class=\"uvc-heading ult-adjust-bottom-margin ultimate-heading-696769e8cda99a80c uvc-5968  uvc-heading-default-font-sizes\" data-hspacer=\"no_spacer\"  data-halign=\"center\" style=\"text-align:center\"><div class=\"uvc-heading-spacer no_spacer\" style=\"top\"><\/div><div class=\"uvc-main-heading ult-responsive\"  data-ultimate-target='.uvc-heading.ultimate-heading-696769e8cda99a80c h2'  data-responsive-json-new='{\"font-size\":\"\",\"line-height\":\"\"}' ><h2 style=\"--font-weight:theme;\">Was machen wir?<\/h2><\/div><div class=\"uvc-sub-heading ult-responsive\"  data-ultimate-target='.uvc-heading.ultimate-heading-696769e8cda99a80c .uvc-sub-heading '  data-responsive-json-new='{\"font-size\":\"\",\"line-height\":\"\"}'  style=\"font-weight:normal;\"><\/p>\n<p style=\"text-align: center;\">Wir exportieren organischen D\u00fcnger haupts\u00e4chlich nach Deutschland und Frankreich. Der D\u00fcnger wird das ganze Jahr \u00fcber von Agro Limburg bei den Viehhaltern und\/oder G\u00fclleverarbeitern abgeholt. Unsere Transportunternehmen entsprechen den gesetzlichen Vorschriften und sorgen f\u00fcr korrekte und p\u00fcnktliche Lieferungen.<\/p>\n<p><\/div><\/div>[\/vc_column][\/vc_row][vc_row equal_height=&#8221;yes&#8221; content_placement=&#8221;middle&#8221; bg_type=&#8221;image&#8221; parallax_style=&#8221;vcpb-default&#8221; bg_image_repeat=&#8221;no-repeat&#8221; bg_image_size=&#8221;initial&#8221; bg_override=&#8221;full&#8221; css=&#8221;.vc_custom_1739296958867{padding-top: 40px !important;padding-bottom: 30px !important;}&#8221;][vc_column css=&#8221;.vc_custom_1739284785032{padding-top: 0px !important;}&#8221;][vc_masonry_media_grid element_width=&#8221;2&#8243; item=&#8221;mediaGrid_Default&#8221; css=&#8221;&#8221; grid_id=&#8221;vc_gid:1773133485681-2efd9ffe-c7bb-7&#8243; include=&#8221;1475,1489,1490,1543,1571,1598&#8243;][\/vc_column][\/vc_row][vc_row equal_height=&#8221;yes&#8221; content_placement=&#8221;middle&#8221; bg_type=&#8221;image&#8221; parallax_style=&#8221;vcpb-default&#8221; bg_image_new=&#8221;id^883|url^https:\/\/agrolimburg.nl\/wp-content\/uploads\/2019\/07\/bg-art-church.png|caption^null|alt^null|title^bg-art-church|description^null&#8221; bg_image_repeat=&#8221;no-repeat&#8221; bg_image_size=&#8221;initial&#8221; bg_image_posiiton=&#8221;right top&#8221; bg_override=&#8221;full&#8221; css=&#8221;.vc_custom_1751907660481{padding-top: 70px !important;padding-bottom: 80px !important;background-color: #0A4637 !important;}&#8221;][vc_column][vc_row_inner][vc_column_inner width=&#8221;1\/4&#8243; css=&#8221;.vc_custom_1741334508120{padding-right: 40px !important;padding-left: 40px !important;}&#8221;][vc_single_image image=&#8221;1457&#8243; img_size=&#8221;80&#215;80&#8243; alignment=&#8221;center&#8221; css=&#8221;.vc_custom_1741334414423{margin-bottom: 35px !important;padding-right: 20px !important;padding-left: 20px !important;}&#8221;]<div id=\"ultimate-heading-740269e8cda99a82a\" class=\"uvc-heading ult-adjust-bottom-margin ultimate-heading-740269e8cda99a82a uvc-6057  uvc-heading-default-font-sizes\" data-hspacer=\"no_spacer\"  data-halign=\"center\" style=\"text-align:center\"><div class=\"uvc-heading-spacer no_spacer\" style=\"top\"><\/div><div class=\"uvc-main-heading ult-responsive\"  data-ultimate-target='.uvc-heading.ultimate-heading-740269e8cda99a82a h2'  data-responsive-json-new='{\"font-size\":\"\",\"line-height\":\"\"}' ><h2 style=\"--font-weight:theme;color:#FFFFFF;margin-bottom:30px;\">AKKERBOUW<\/h2><\/div><div class=\"uvc-sub-heading ult-responsive\"  data-ultimate-target='.uvc-heading.ultimate-heading-740269e8cda99a82a .uvc-sub-heading '  data-responsive-json-new='{\"font-size\":\"\",\"line-height\":\"\"}'  style=\"font-weight:normal;color:#FFFFFF;\"><\/p>\n<p style=\"text-align: center;\">Wij leveren hoogwaardige mestproducten die zorgen voor gezonde gewassen en een hoge opbrengst. Met effici\u00ebnte logistiek leveren we snel en betrouwbaar waar en wanneer u het nodig heeft.<\/p>\n<p><\/div><\/div>[\/vc_column_inner][vc_column_inner width=&#8221;1\/4&#8243; css=&#8221;.vc_custom_1741272390302{padding-right: 40px !important;padding-left: 40px !important;}&#8221;][vc_single_image image=&#8221;1456&#8243; img_size=&#8221;80&#215;80&#8243; alignment=&#8221;center&#8221; css=&#8221;.vc_custom_1741272414325{padding-right: 20px !important;padding-left: 20px !important;}&#8221;]<div id=\"ultimate-heading-519169e8cda99a84d\" class=\"uvc-heading ult-adjust-bottom-margin ultimate-heading-519169e8cda99a84d uvc-2729  uvc-heading-default-font-sizes\" data-hspacer=\"no_spacer\"  data-halign=\"center\" style=\"text-align:center\"><div class=\"uvc-heading-spacer no_spacer\" style=\"top\"><\/div><div class=\"uvc-main-heading ult-responsive\"  data-ultimate-target='.uvc-heading.ultimate-heading-519169e8cda99a84d h2'  data-responsive-json-new='{\"font-size\":\"\",\"line-height\":\"\"}' ><h2 style=\"--font-weight:theme;color:#FFFFFF;margin-bottom:30px;\">Vergisting<\/h2><\/div><div class=\"uvc-sub-heading ult-responsive\"  data-ultimate-target='.uvc-heading.ultimate-heading-519169e8cda99a84d .uvc-sub-heading '  data-responsive-json-new='{\"font-size\":\"\",\"line-height\":\"\"}'  style=\"font-weight:normal;color:#FFFFFF;\"><\/p>\n<p style=\"text-align: center;\">Onze buitenlandse afnemers met een vergistings-<br \/>\ninstallatie zetten het organische materiaal in de mest om in groene energie (elektriciteit en\/of groen gas), wat de CO2-uitstoot vermindert en bijdraagt aan hernieuwbare energie.<\/p>\n<p><\/div><\/div>[\/vc_column_inner][vc_column_inner width=&#8221;1\/4&#8243; css=&#8221;.vc_custom_1741334517694{padding-right: 40px !important;padding-left: 40px !important;}&#8221;][vc_single_image image=&#8221;1457&#8243; img_size=&#8221;80&#215;80&#8243; alignment=&#8221;center&#8221; css=&#8221;.vc_custom_1741272405254{padding-right: 20px !important;padding-left: 20px !important;}&#8221;]<div id=\"ultimate-heading-164969e8cda99a869\" class=\"uvc-heading ult-adjust-bottom-margin ultimate-heading-164969e8cda99a869 uvc-4434  uvc-heading-default-font-sizes\" data-hspacer=\"no_spacer\"  data-halign=\"center\" style=\"text-align:center\"><div class=\"uvc-heading-spacer no_spacer\" style=\"top\"><\/div><div class=\"uvc-main-heading ult-responsive\"  data-ultimate-target='.uvc-heading.ultimate-heading-164969e8cda99a869 h2'  data-responsive-json-new='{\"font-size\":\"\",\"line-height\":\"\"}' ><h2 style=\"--font-weight:theme;color:#FFFFFF;margin-bottom:30px;\">Ackerbau<\/h2><\/div><div class=\"uvc-sub-heading ult-responsive\"  data-ultimate-target='.uvc-heading.ultimate-heading-164969e8cda99a869 .uvc-sub-heading '  data-responsive-json-new='{\"font-size\":\"\",\"line-height\":\"\"}'  style=\"font-weight:normal;color:#FFFFFF;\"><\/p>\n<p style=\"text-align: center;\">Wir liefern hochwertige D\u00fcngemittel, die f\u00fcr gesunde Pflanzen und hohe Ertr\u00e4ge sorgen. Mit effizienter Logistik liefern wir schnell und zuverl\u00e4ssig, wann und wo Sie es brauchen<\/p>\n<p><\/div><\/div>[\/vc_column_inner][vc_column_inner width=&#8221;1\/4&#8243; css=&#8221;.vc_custom_1741334529132{padding-right: 40px !important;padding-left: 40px !important;}&#8221;][vc_single_image image=&#8221;1456&#8243; img_size=&#8221;80&#215;80&#8243; alignment=&#8221;center&#8221; css=&#8221;.vc_custom_1741333876927{padding-right: 20px !important;padding-left: 20px !important;}&#8221;]<div id=\"ultimate-heading-472469e8cda99a884\" class=\"uvc-heading ult-adjust-bottom-margin ultimate-heading-472469e8cda99a884 uvc-9768  uvc-heading-default-font-sizes\" data-hspacer=\"no_spacer\"  data-halign=\"center\" style=\"text-align:center\"><div class=\"uvc-heading-spacer no_spacer\" style=\"top\"><\/div><div class=\"uvc-main-heading ult-responsive\"  data-ultimate-target='.uvc-heading.ultimate-heading-472469e8cda99a884 h2'  data-responsive-json-new='{\"font-size\":\"\",\"line-height\":\"\"}' ><h2 style=\"--font-weight:theme;color:#FFFFFF;margin-bottom:30px;\">Verg\u00e4rung<\/h2><\/div><div class=\"uvc-sub-heading ult-responsive\"  data-ultimate-target='.uvc-heading.ultimate-heading-472469e8cda99a884 .uvc-sub-heading '  data-responsive-json-new='{\"font-size\":\"\",\"line-height\":\"\"}'  style=\"font-weight:normal;color:#FFFFFF;\"><\/p>\n<p style=\"text-align: center;\">Unsere ausl\u00e4ndischen Abnehmer mit einer Verg\u00e4rungsanlage wandeln das organische Material in der G\u00fclle in gr\u00fcne Energie (Strom und\/oder Biogas) um, was die CO\u2082-Emissionen reduziert und zur erneuerbaren Energie beitr\u00e4gt.<\/p>\n<p><\/div><\/div>[\/vc_column_inner][\/vc_row_inner][\/vc_column][\/vc_row][vc_row][vc_column][vc_column_text css=&#8221;.vc_custom_1741270051168{margin-bottom: 10px !important;padding-top: 15px !important;}&#8221;]<\/p>\n<p style=\"text-align: center;\">Bij Agro Limburg staan we altijd klaar om u te helpen bij al uw vragen. Neem contact met ons op voor meer informatie of een vrijblijvende offerte!<\/p>\n<p style=\"text-align: center;\">&#8212;&#8212;&#8212;-<\/p>\n<p style=\"text-align: center;\">Bei Agro Limburg stehen wir Ihnen jederzeit zur Verf\u00fcgung, um alle Ihre Fragen zu beantworten. Kontaktieren Sie uns f\u00fcr weitere Informationen oder ein unverbindliches Angebot!<\/p>\n<p style=\"text-align: center;\"><strong>Agro Limburg\u00a0 |\u00a0 Julianaplein 8\u00a0 |\u00a0 5975 DB\u00a0 Sevenum\u00a0 | Nederland\u00a0 |\u00a0 t: +31 (0)77 &#8211; 3961310<\/strong><br \/>\n<a href=\"mailto:info@agrolimburg.nl\">info@agrolimburg.nl<\/a><\/p>\n<p>[\/vc_column_text][\/vc_column][\/vc_row][vc_row equal_height=&#8221;yes&#8221; content_placement=&#8221;middle&#8221; bg_type=&#8221;image&#8221; parallax_style=&#8221;vcpb-default&#8221; bg_image_repeat=&#8221;no-repeat&#8221; bg_image_size=&#8221;initial&#8221; bg_image_posiiton=&#8221;right bottom&#8221; css=&#8221;.vc_custom_1751907391307{padding-top: 5px !important;background-color: #FFFFFF !important;}&#8221;][vc_column width=&#8221;1\/4&#8243;][vc_single_image image=&#8221;1581&#8243; img_size=&#8221;200x200px&#8221; alignment=&#8221;center&#8221; style=&#8221;vc_box_circle_2&#8243; css=&#8221;&#8221;][vc_column_text css=&#8221;&#8221;]<\/p>\n<h4 style=\"text-align: center;\"><strong>John<\/strong><strong> Hendriks<\/strong><\/h4>\n<p style=\"text-align: center;\">Directeur<\/p>\n<p style=\"text-align: center;\">+31 (0)6 21244779<\/p>\n<p>[\/vc_column_text][\/vc_column][vc_column width=&#8221;1\/4&#8243;][vc_single_image image=&#8221;1599&#8243; img_size=&#8221;200x200px&#8221; alignment=&#8221;center&#8221; style=&#8221;vc_box_circle_2&#8243; css=&#8221;&#8221;][vc_column_text css=&#8221;&#8221;]<\/p>\n<h4 style=\"text-align: center;\"><strong>Mart Janssen<\/strong><\/h4>\n<p style=\"text-align: center;\">Bedrijfsleider<\/p>\n<p style=\"text-align: center;\">mestcomposteerinstallatie<\/p>\n<p>[\/vc_column_text][\/vc_column][vc_column width=&#8221;1\/4&#8243;][vc_single_image image=&#8221;1597&#8243; img_size=&#8221;200x200px&#8221; alignment=&#8221;center&#8221; style=&#8221;vc_box_circle_2&#8243; css=&#8221;&#8221;][vc_column_text css=&#8221;&#8221;]<\/p>\n<h4 style=\"text-align: center;\"><strong>Maria Biermans<\/strong><\/h4>\n<p style=\"text-align: center;\">Financieel-administratief<\/p>\n<p style=\"text-align: center;\">medewerkster<\/p>\n<p>[\/vc_column_text][\/vc_column][vc_column width=&#8221;1\/4&#8243;][vc_single_image image=&#8221;1596&#8243; img_size=&#8221;200x200px&#8221; alignment=&#8221;center&#8221; style=&#8221;vc_box_circle_2&#8243; css=&#8221;&#8221;][vc_column_text css=&#8221;&#8221;]<\/p>\n<h4 style=\"text-align: center;\"><strong>Frank van Berlo<\/strong><\/h4>\n<p style=\"text-align: center;\">Logistiek-administratief<\/p>\n<p style=\"text-align: center;\">medewerker<\/p>\n<p>[\/vc_column_text][\/vc_column][\/vc_row]<\/p>\n<\/div>","protected":false},"excerpt":{"rendered":"<p>[vc_row equal_height=&#8221;yes&#8221; content_placement=&#8221;middle&#8221; bg_type=&#8221;image&#8221; parallax_style=&#8221;vcpb-default&#8221; bg_image_new=&#8221;id^883|url^https:\/\/agrolimburg.nl\/wp-content\/uploads\/2019\/07\/bg-art-church.png|caption^null|alt^null|title^bg-art-church|description^null&#8221; bg_image_repeat=&#8221;no-repeat&#8221; bg_image_size=&#8221;initial&#8221; bg_image_posiiton=&#8221;right top&#8221; bg_override=&#8221;full&#8221; css=&#8221;.vc_custom_1741271306130{padding-top: 70px !important;padding-bottom: 50px !important;background-color: #0A4637 !important;}&#8221;][vc_column width=&#8221;1\/2&#8243;][vc_single_image image=&#8221;1550&#8243; img_size=&#8221;40x40px&#8221; alignment=&#8221;center&#8221; css=&#8221;&#8221;][\/vc_column][vc_column width=&#8221;1\/2&#8243;][vc_single_image image=&#8221;1553&#8243; img_size=&#8221;40x40px&#8221; alignment=&#8221;center&#8221; css=&#8221;&#8221;][\/vc_column][\/vc_row][vc_row equal_height=&#8221;yes&#8221; content_placement=&#8221;top&#8221; bg_type=&#8221;image&#8221; parallax_style=&#8221;vcpb-default&#8221; bg_image_repeat=&#8221;no-repeat&#8221; bg_image_size=&#8221;initial&#8221; bg_image_posiiton=&#8221;right top&#8221; bg_override=&#8221;full&#8221; css=&#8221;.vc_custom_1741272769278{padding-top: 40px !important;padding-bottom: 40px !important;background-color: #FFFFFF !important;}&#8221;][vc_column width=&#8221;1\/3&#8243;][\/vc_column][vc_column width=&#8221;1\/3&#8243;][vc_single_image image=&#8221;1414&#8243; img_size=&#8221;full&#8221; alignment=&#8221;center&#8221; css=&#8221;&#8221;][\/vc_column][vc_column width=&#8221;1\/3&#8243;][\/vc_column][\/vc_row][vc_row equal_height=&#8221;yes&#8221; content_placement=&#8221;middle&#8221; bg_type=&#8221;image&#8221; parallax_style=&#8221;vcpb-default&#8221;&hellip;<\/p>\n","protected":false},"author":1,"featured_media":0,"parent":0,"menu_order":0,"comment_status":"closed","ping_status":"closed","template":"template-microsite.php","meta":{"footnotes":""},"class_list":["post-1369","page","type-page","status-publish","hentry","description-off"],"yoast_head":"<!-- This site is optimized with the Yoast SEO plugin v27.1.1 - https:\/\/yoast.com\/product\/yoast-seo-wordpress\/ -->\n<title>Home - Agro Limburg<\/title>\n<meta name=\"description\" content=\"Agro Limburg biedt totaaloplossingen voor de agrarische sector met expertise in mesthandel, transport en duurzame energie. Innovatie voor landbouw en milieu\" \/>\n<meta name=\"robots\" content=\"index, follow, max-snippet:-1, max-image-preview:large, max-video-preview:-1\" \/>\n<link rel=\"canonical\" href=\"https:\/\/agrolimburg.nl\/\" \/>\n<meta property=\"og:locale\" content=\"nl_NL\" \/>\n<meta property=\"og:type\" content=\"article\" \/>\n<meta property=\"og:title\" content=\"Home - Agro Limburg\" \/>\n<meta property=\"og:description\" content=\"Agro Limburg biedt totaaloplossingen voor de agrarische sector met expertise in mesthandel, transport en duurzame energie. Innovatie voor landbouw en milieu\" \/>\n<meta property=\"og:url\" content=\"https:\/\/agrolimburg.nl\/\" \/>\n<meta property=\"og:site_name\" content=\"Agro Limburg\" \/>\n<meta property=\"article:modified_time\" content=\"2026-03-10T09:05:27+00:00\" \/>\n<meta name=\"twitter:card\" content=\"summary_large_image\" \/>\n<meta name=\"twitter:label1\" content=\"Geschatte leestijd\" \/>\n\t<meta name=\"twitter:data1\" content=\"7 minuten\" \/>\n<script type=\"application\/ld+json\" class=\"yoast-schema-graph\">{\"@context\":\"https:\/\/schema.org\",\"@graph\":[{\"@type\":\"WebPage\",\"@id\":\"https:\/\/agrolimburg.nl\/\",\"url\":\"https:\/\/agrolimburg.nl\/\",\"name\":\"Home - Agro Limburg\",\"isPartOf\":{\"@id\":\"https:\/\/agrolimburg.nl\/#website\"},\"datePublished\":\"2018-11-06T10:34:24+00:00\",\"dateModified\":\"2026-03-10T09:05:27+00:00\",\"description\":\"Agro Limburg biedt totaaloplossingen voor de agrarische sector met expertise in mesthandel, transport en duurzame energie. Innovatie voor landbouw en milieu\",\"breadcrumb\":{\"@id\":\"https:\/\/agrolimburg.nl\/#breadcrumb\"},\"inLanguage\":\"nl-NL\",\"potentialAction\":[{\"@type\":\"ReadAction\",\"target\":[\"https:\/\/agrolimburg.nl\/\"]}]},{\"@type\":\"BreadcrumbList\",\"@id\":\"https:\/\/agrolimburg.nl\/#breadcrumb\",\"itemListElement\":[{\"@type\":\"ListItem\",\"position\":1,\"name\":\"Home\",\"item\":\"https:\/\/agrolimburg.nl\/\"},{\"@type\":\"ListItem\",\"position\":2,\"name\":\"Home\"}]},{\"@type\":\"WebSite\",\"@id\":\"https:\/\/agrolimburg.nl\/#website\",\"url\":\"https:\/\/agrolimburg.nl\/\",\"name\":\"Agro Limburg\",\"description\":\"\",\"publisher\":{\"@id\":\"https:\/\/agrolimburg.nl\/#organization\"},\"potentialAction\":[{\"@type\":\"SearchAction\",\"target\":{\"@type\":\"EntryPoint\",\"urlTemplate\":\"https:\/\/agrolimburg.nl\/?s={search_term_string}\"},\"query-input\":{\"@type\":\"PropertyValueSpecification\",\"valueRequired\":true,\"valueName\":\"search_term_string\"}}],\"inLanguage\":\"nl-NL\"},{\"@type\":\"Organization\",\"@id\":\"https:\/\/agrolimburg.nl\/#organization\",\"name\":\"Agro Limburg\",\"url\":\"https:\/\/agrolimburg.nl\/\",\"logo\":{\"@type\":\"ImageObject\",\"inLanguage\":\"nl-NL\",\"@id\":\"https:\/\/agrolimburg.nl\/#\/schema\/logo\/image\/\",\"url\":\"https:\/\/agrolimburg.nl\/wp-content\/uploads\/2025\/02\/logo-agro-limburg-300X212PX.png\",\"contentUrl\":\"https:\/\/agrolimburg.nl\/wp-content\/uploads\/2025\/02\/logo-agro-limburg-300X212PX.png\",\"width\":300,\"height\":212,\"caption\":\"Agro Limburg\"},\"image\":{\"@id\":\"https:\/\/agrolimburg.nl\/#\/schema\/logo\/image\/\"}}]}<\/script>\n<!-- \/ Yoast SEO plugin. -->","yoast_head_json":{"title":"Home - Agro Limburg","description":"Agro Limburg biedt totaaloplossingen voor de agrarische sector met expertise in mesthandel, transport en duurzame energie. Innovatie voor landbouw en milieu","robots":{"index":"index","follow":"follow","max-snippet":"max-snippet:-1","max-image-preview":"max-image-preview:large","max-video-preview":"max-video-preview:-1"},"canonical":"https:\/\/agrolimburg.nl\/","og_locale":"nl_NL","og_type":"article","og_title":"Home - Agro Limburg","og_description":"Agro Limburg biedt totaaloplossingen voor de agrarische sector met expertise in mesthandel, transport en duurzame energie. Innovatie voor landbouw en milieu","og_url":"https:\/\/agrolimburg.nl\/","og_site_name":"Agro Limburg","article_modified_time":"2026-03-10T09:05:27+00:00","twitter_card":"summary_large_image","twitter_misc":{"Geschatte leestijd":"7 minuten"},"schema":{"@context":"https:\/\/schema.org","@graph":[{"@type":"WebPage","@id":"https:\/\/agrolimburg.nl\/","url":"https:\/\/agrolimburg.nl\/","name":"Home - Agro Limburg","isPartOf":{"@id":"https:\/\/agrolimburg.nl\/#website"},"datePublished":"2018-11-06T10:34:24+00:00","dateModified":"2026-03-10T09:05:27+00:00","description":"Agro Limburg biedt totaaloplossingen voor de agrarische sector met expertise in mesthandel, transport en duurzame energie. Innovatie voor landbouw en milieu","breadcrumb":{"@id":"https:\/\/agrolimburg.nl\/#breadcrumb"},"inLanguage":"nl-NL","potentialAction":[{"@type":"ReadAction","target":["https:\/\/agrolimburg.nl\/"]}]},{"@type":"BreadcrumbList","@id":"https:\/\/agrolimburg.nl\/#breadcrumb","itemListElement":[{"@type":"ListItem","position":1,"name":"Home","item":"https:\/\/agrolimburg.nl\/"},{"@type":"ListItem","position":2,"name":"Home"}]},{"@type":"WebSite","@id":"https:\/\/agrolimburg.nl\/#website","url":"https:\/\/agrolimburg.nl\/","name":"Agro Limburg","description":"","publisher":{"@id":"https:\/\/agrolimburg.nl\/#organization"},"potentialAction":[{"@type":"SearchAction","target":{"@type":"EntryPoint","urlTemplate":"https:\/\/agrolimburg.nl\/?s={search_term_string}"},"query-input":{"@type":"PropertyValueSpecification","valueRequired":true,"valueName":"search_term_string"}}],"inLanguage":"nl-NL"},{"@type":"Organization","@id":"https:\/\/agrolimburg.nl\/#organization","name":"Agro Limburg","url":"https:\/\/agrolimburg.nl\/","logo":{"@type":"ImageObject","inLanguage":"nl-NL","@id":"https:\/\/agrolimburg.nl\/#\/schema\/logo\/image\/","url":"https:\/\/agrolimburg.nl\/wp-content\/uploads\/2025\/02\/logo-agro-limburg-300X212PX.png","contentUrl":"https:\/\/agrolimburg.nl\/wp-content\/uploads\/2025\/02\/logo-agro-limburg-300X212PX.png","width":300,"height":212,"caption":"Agro Limburg"},"image":{"@id":"https:\/\/agrolimburg.nl\/#\/schema\/logo\/image\/"}}]}},"_links":{"self":[{"href":"https:\/\/agrolimburg.nl\/index.php\/wp-json\/wp\/v2\/pages\/1369","targetHints":{"allow":["GET"]}}],"collection":[{"href":"https:\/\/agrolimburg.nl\/index.php\/wp-json\/wp\/v2\/pages"}],"about":[{"href":"https:\/\/agrolimburg.nl\/index.php\/wp-json\/wp\/v2\/types\/page"}],"author":[{"embeddable":true,"href":"https:\/\/agrolimburg.nl\/index.php\/wp-json\/wp\/v2\/users\/1"}],"replies":[{"embeddable":true,"href":"https:\/\/agrolimburg.nl\/index.php\/wp-json\/wp\/v2\/comments?post=1369"}],"version-history":[{"count":164,"href":"https:\/\/agrolimburg.nl\/index.php\/wp-json\/wp\/v2\/pages\/1369\/revisions"}],"predecessor-version":[{"id":1659,"href":"https:\/\/agrolimburg.nl\/index.php\/wp-json\/wp\/v2\/pages\/1369\/revisions\/1659"}],"wp:attachment":[{"href":"https:\/\/agrolimburg.nl\/index.php\/wp-json\/wp\/v2\/media?parent=1369"}],"curies":[{"name":"wp","href":"https:\/\/api.w.org\/{rel}","templated":true}]}}